{"id":278,"date":"2018-09-14T03:14:47","date_gmt":"2018-09-14T03:14:47","guid":{"rendered":"http:\/\/shtheme.net\/demosd\/charlostin1\/?page_id=278"},"modified":"2025-05-29T23:10:16","modified_gmt":"2025-05-29T21:10:16","slug":"nos-offres-speciales","status":"publish","type":"page","link":"https:\/\/arianefoshotel.com\/en\/our-special-offers\/","title":{"rendered":"Special offers"},"content":{"rendered":"<div data-elementor-type=\"wp-page\" data-elementor-id=\"278\" class=\"elementor elementor-278\" data-elementor-post-type=\"page\">\n\t\t\t\t\t\t<section class=\"elementor-section elementor-top-section elementor-element elementor-element-6453d96 elementor-section-full_width elementor-section-height-default elementor-section-height-default\" data-id=\"6453d96\" data-element_type=\"section\">\n\t\t\t\t\t\t<div class=\"elementor-container elementor-column-gap-no\">\n\t\t\t\t\t<div class=\"elementor-column elementor-col-100 elementor-top-column elementor-element elementor-element-1be25d7\" data-id=\"1be25d7\" data-element_type=\"column\">\n\t\t\t<div class=\"elementor-widget-wrap elementor-element-populated\">\n\t\t\t\t\t\t<div class=\"elementor-element elementor-element-8577cf3 elementor-align-left bgoverlay elementor-widget elementor-widget-pages-header\" data-id=\"8577cf3\" data-element_type=\"widget\" data-widget_type=\"pages-header.default\">\n\t\t\t\t<div class=\"elementor-widget-container\">\n\t\t\t\t\t\r\n\t\t\t\t<section class=\"breadcrumb_area\" style=\"background: url(https:\/\/arianefoshotel.com\/wp-content\/uploads\/2025\/05\/ariane-allotel-appart-hotel-fos-nuit-parc-piscine.jpg) no-repeat scroll center;    \tbackground-size: cover;\">\r\n    \t        \t<div class=\"container\">\r\n        \t\t<div class=\"breadcrumb_text\">\r\n        \t\t\t        \t\t\t<h2>Nos Offres sp\u00e9ciales<\/h2>\r\n        \t\t\t        \t\t\t<div class=\"link\">\r\n        \t\t\t\t        \t\t\t\t<a class=\"active\" href=\"https:\/\/arianefoshotel.com\/en\/\">Home<\/a>\r\n        \t\t\t\t        \t\t\t\t        \t\t\t\t<a href=\"#\">Our exclusive offers<\/a>\r\n        \t\t\t\t        \t\t\t<\/div>\r\n        \t\t<\/div>\r\n        \t<\/div>\r\n        <\/section>\r\n\r\n\t\t\t\t\t<\/div>\n\t\t\t\t<\/div>\n\t\t\t\t\t<\/div>\n\t\t<\/div>\n\t\t\t\t\t<\/div>\n\t\t<\/section>\n\t\t\t\t<section class=\"elementor-section elementor-top-section elementor-element elementor-element-8cd2a06 elementor-section-full_width elementor-section-height-default elementor-section-height-default\" data-id=\"8cd2a06\" data-element_type=\"section\">\n\t\t\t\t\t\t<div class=\"elementor-container elementor-column-gap-no\">\n\t\t\t\t\t<div class=\"elementor-column elementor-col-100 elementor-top-column elementor-element elementor-element-8fe47a2\" data-id=\"8fe47a2\" data-element_type=\"column\">\n\t\t\t<div class=\"elementor-widget-wrap elementor-element-populated\">\n\t\t\t\t\t\t<div class=\"elementor-element elementor-element-085d15f elementor-align-left elementor-widget elementor-widget-home-1-offer\" data-id=\"085d15f\" data-element_type=\"widget\" data-widget_type=\"home-1-offer.default\">\n\t\t\t\t<div class=\"elementor-widget-container\">\n\t\t\t\t\t\r\n            <section class=\"offer_area p_100\">\r\n                <div class=\"container\">\r\n                    <div class=\"main_title\">\r\n                                                <h2>Nos formules exclusives \u00e0 Fos-sur-Mer\n<\/h2>\r\n                                                            <p>Discover our exclusive packages, ideal for your stay in Provence: half-board, breakfast included or attractive prepaid rates. Flexible options designed for your relaxing getaways or business trips.\n\n<\/p>\r\n                            <\/div>\r\n            <div class=\"row offer_inner\">\r\n                                    <div class=\"col-lg-6\">\r\n                        <div class=\"offer_item\">\r\n                            <div class=\"offer_img\">\r\n                                                                    <img decoding=\"async\" class=\"img-fluid\" src=\"https:\/\/arianefoshotel.com\/wp-content\/uploads\/2025\/05\/ariane-allotel-appart-hotel-fos-bar-deco.jpg\" alt=\"\">\r\n                                                                                                    <h4>Half-board<\/h4>\r\n                                                            <\/div>\r\n                            <div class=\"offer_text justify-content-between d-flex align-items-center\">\r\n                                <div class=\"offer_left\">\r\n                                                                            <h5>D\u00e9gustez chaque jour un petit-d\u00e9jeuner et un d\u00eener au restaurant de l\u2019H\u00f4tel Ariane, inclus dans cette formule demi-pension. L\u2019id\u00e9al pour un s\u00e9jour sans contraintes, alliant confort h\u00f4telier et plaisirs de la table dans un cadre paisible et chaleureux pr\u00e8s de Marseille.<\/h5>\r\n                                                                    <\/div>\r\n                                <div class=\"offer_right\">\r\n                                                                            <a href=\"https:\/\/www.secure-hotel-booking.com\/Hotel-Ariane-Fos-sur-Mer\/29ZP\">Profitez de l'offre<\/a>\r\n                                                                    <\/div>\r\n                            <\/div>\r\n                        <\/div>\r\n                    <\/div>\r\n                                    <div class=\"col-lg-6\">\r\n                        <div class=\"offer_item\">\r\n                            <div class=\"offer_img\">\r\n                                                                    <img decoding=\"async\" class=\"img-fluid\" src=\"https:\/\/arianefoshotel.com\/wp-content\/uploads\/2025\/05\/ariane-allotel-fos-petit-dejeuner-gourmand.jpg\" alt=\"\">\r\n                                                                                                    <h4>Breakfast<\/h4>\r\n                                                            <\/div>\r\n                            <div class=\"offer_text justify-content-between d-flex align-items-center\">\r\n                                <div class=\"offer_left\">\r\n                                                                            <h5>Profitez d\u2019un s\u00e9jour \u00e0 l\u2019H\u00f4tel Ariane avec notre offre incluant une nuit en chambre spacieuse et un petit-d\u00e9jeuner complet servi en salle ou en terrasse. Un moment gourmand pour bien d\u00e9buter la journ\u00e9e \u00e0 Fos-sur-Mer, que vous soyez en voyage professionnel ou en escapade d\u00e9tente.<\/h5>\r\n                                                                    <\/div>\r\n                                <div class=\"offer_right\">\r\n                                                                            <a href=\"https:\/\/www.secure-hotel-booking.com\/Hotel-Ariane-Fos-sur-Mer\/29ZP\">Profitez de l'offre<\/a>\r\n                                                                    <\/div>\r\n                            <\/div>\r\n                        <\/div>\r\n                    <\/div>\r\n                                    <div class=\"col-lg-6\">\r\n                        <div class=\"offer_item\">\r\n                            <div class=\"offer_img\">\r\n                                                                    <img decoding=\"async\" class=\"img-fluid\" src=\"https:\/\/arianefoshotel.com\/wp-content\/uploads\/2025\/05\/ariane-allotel-appart-hotel-fos-reception-salon-accueil.jpg\" alt=\"\">\r\n                                                                                                    <h4>Non-refundable rate<\/h4>\r\n                                                            <\/div>\r\n                            <div class=\"offer_text justify-content-between d-flex align-items-center\">\r\n                                <div class=\"offer_left\">\r\n                                                                            <h5>R\u00e9servez en direct et b\u00e9n\u00e9ficiez d\u2019une r\u00e9duction imm\u00e9diate avec notre tarif pr\u00e9pay\u00e9. Une solution avantageuse pour les s\u00e9jours pr\u00e9vus avec certitude. Attention : offre non annulable, non remboursable, sous r\u00e9serve de disponibilit\u00e9<\/h5>\r\n                                                                    <\/div>\r\n                                <div class=\"offer_right\">\r\n                                                                            <a href=\"https:\/\/www.secure-hotel-booking.com\/Hotel-Ariane-Fos-sur-Mer\/29ZP\">Profitez de l'offre<\/a>\r\n                                                                    <\/div>\r\n                            <\/div>\r\n                        <\/div>\r\n                    <\/div>\r\n                            <\/div>\r\n        <\/div>\r\n    <\/section>\r\n\r\n    \t\t\t\t<\/div>\n\t\t\t\t<\/div>\n\t\t\t\t\t<\/div>\n\t\t<\/div>\n\t\t\t\t\t<\/div>\n\t\t<\/section>\n\t\t<div class=\"elementor-element elementor-element-ee12628 e-flex e-con-boxed e-con e-parent\" data-id=\"ee12628\" data-element_type=\"container\" data-settings=\"{&quot;background_background&quot;:&quot;classic&quot;}\">\n\t\t\t\t\t<div class=\"e-con-inner\">\n\t\t<div class=\"elementor-element elementor-element-dc1ad2f e-con-full e-flex e-con e-child\" data-id=\"dc1ad2f\" data-element_type=\"container\">\n\t\t\t\t<div class=\"elementor-element elementor-element-b2377a8 elementor-widget elementor-widget-image\" data-id=\"b2377a8\" data-element_type=\"widget\" data-widget_type=\"image.default\">\n\t\t\t\t<div class=\"elementor-widget-container\">\n\t\t\t\t\t\t\t\t\t\t\t\t\t\t\t<img fetchpriority=\"high\" decoding=\"async\" width=\"1536\" height=\"1024\" src=\"https:\/\/arianefoshotel.com\/wp-content\/uploads\/2025\/05\/ariane-allotel-appart-hotel-fos-nuit-parc-piscine-1536x1024.jpg\" class=\"attachment-1536x1536 size-1536x1536 wp-image-1446\" alt=\"\" srcset=\"https:\/\/arianefoshotel.com\/wp-content\/uploads\/2025\/05\/ariane-allotel-appart-hotel-fos-nuit-parc-piscine-1536x1024.jpg 1536w, https:\/\/arianefoshotel.com\/wp-content\/uploads\/2025\/05\/ariane-allotel-appart-hotel-fos-nuit-parc-piscine-300x200.jpg 300w, https:\/\/arianefoshotel.com\/wp-content\/uploads\/2025\/05\/ariane-allotel-appart-hotel-fos-nuit-parc-piscine-1024x682.jpg 1024w, https:\/\/arianefoshotel.com\/wp-content\/uploads\/2025\/05\/ariane-allotel-appart-hotel-fos-nuit-parc-piscine-768x512.jpg 768w, https:\/\/arianefoshotel.com\/wp-content\/uploads\/2025\/05\/ariane-allotel-appart-hotel-fos-nuit-parc-piscine.jpg 1700w\" sizes=\"(max-width: 1536px) 100vw, 1536px\" \/>\t\t\t\t\t\t\t\t\t\t\t\t\t\t\t<\/div>\n\t\t\t\t<\/div>\n\t\t\t\t<\/div>\n\t\t<div class=\"elementor-element elementor-element-f943bb9 e-con-full e-flex e-con e-child\" data-id=\"f943bb9\" data-element_type=\"container\">\n\t\t\t\t<div class=\"elementor-element elementor-element-552aa42 main_title elementor-widget elementor-widget-text-editor\" data-id=\"552aa42\" data-element_type=\"widget\" data-widget_type=\"text-editor.default\">\n\t\t\t\t<div class=\"elementor-widget-container\">\n\t\t\t\t\t\t\t\t\t<h2>Profitez pleinement de votre s\u00e9jour<\/h2><p data-start=\"1644\" data-end=\"1774\">\u00a0<\/p><p data-start=\"1781\" data-end=\"1918\">S\u00e9journez l\u2019esprit tranquille : nos formules avantageuses associent h\u00e9bergement, petit-d\u00e9jeuner et d\u00eener selon vos envies.<br data-start=\"1669\" data-end=\"1672\" \/>B\u00e9n\u00e9ficiez de services flexibles comme la r\u00e9servation en direct, des tarifs r\u00e9duits ou un petit-d\u00e9jeuner gourmand.<br data-start=\"1788\" data-end=\"1791\" \/>Que vous voyagiez seul, en couple ou en famille, nous adaptons nos offres pour vous offrir un confort optimal en Provence, \u00e0 deux pas de Marseille.<\/p>\t\t\t\t\t\t\t\t<\/div>\n\t\t\t\t<\/div>\n\t\t\t\t<\/div>\n\t\t\t\t\t<\/div>\n\t\t\t\t<\/div>\n\t\t\t\t<\/div>","protected":false},"excerpt":{"rendered":"<p>Nos Offres sp\u00e9ciales Accueil Nos offres exclusives Nos formules exclusives \u00e0 Fos-sur-Mer D\u00e9couvrez nos formules exclusives id\u00e9ales pour vos s\u00e9jours en Provence : demi-pension, petit-d\u00e9jeuner inclus ou tarif pr\u00e9pay\u00e9 avantageux. Des options flexibles pens\u00e9es pour vos escapades d\u00e9tente ou vos d\u00e9placements professionnels. Demi-Pension D\u00e9gustez chaque jour un petit-d\u00e9jeuner et un d\u00eener au restaurant de l\u2019H\u00f4tel [&hellip;]<\/p>","protected":false},"author":2,"featured_media":3989,"parent":0,"menu_order":0,"comment_status":"closed","ping_status":"closed","template":"page-templates\/home.php","meta":{"inline_featured_image":false,"footnotes":""},"class_list":["post-278","page","type-page","status-publish","has-post-thumbnail","hentry"],"yoast_head":"<!-- This site is optimized with the Yoast SEO plugin v26.5 - https:\/\/yoast.com\/wordpress\/plugins\/seo\/ -->\n<title>Offres sp\u00e9ciales | H\u00f4tel \u00e0 Fos-sur-Mer |\u00a0Ariane H\u00f4tel<\/title>\n<meta name=\"description\" content=\"Offres, R\u00e9ductions, offres week-end, s\u00e9jours demi-pension \u00e0 Fos Sur Mer. Profitez des bons plans H\u00f4tel Ariane 3 \u00e9toiles. R\u00e9servation\" \/>\n<meta name=\"robots\" content=\"index, follow, max-snippet:-1, max-image-preview:large, max-video-preview:-1\" \/>\n<link rel=\"canonical\" href=\"https:\/\/arianefoshotel.com\/en\/our-special-offers\/\" \/>\n<meta property=\"og:locale\" content=\"en_GB\" \/>\n<meta property=\"og:type\" content=\"article\" \/>\n<meta property=\"og:title\" content=\"Offres sp\u00e9ciales | H\u00f4tel \u00e0 Fos-sur-Mer |\u00a0Ariane H\u00f4tel\" \/>\n<meta property=\"og:description\" content=\"Offres, R\u00e9ductions, offres week-end, s\u00e9jours demi-pension \u00e0 Fos Sur Mer. Profitez des bons plans H\u00f4tel Ariane 3 \u00e9toiles. R\u00e9servation\" \/>\n<meta property=\"og:url\" content=\"https:\/\/arianefoshotel.com\/en\/our-special-offers\/\" \/>\n<meta property=\"og:site_name\" content=\"H\u00f4tel \u00e0 Fos-sur-Mer |\u00a0Ariane H\u00f4tel\" \/>\n<meta property=\"article:publisher\" content=\"https:\/\/www.facebook.com\/profile.php?id=61572477488044&amp;locale=fr_FR\" \/>\n<meta property=\"article:modified_time\" content=\"2025-05-29T21:10:16+00:00\" \/>\n<meta property=\"og:image\" content=\"https:\/\/arianefoshotel.com\/wp-content\/uploads\/2025\/05\/ariane-hotel-chambre-presidente-lit-canape.jpg\" \/>\n\t<meta property=\"og:image:width\" content=\"2500\" \/>\n\t<meta property=\"og:image:height\" content=\"1875\" \/>\n\t<meta property=\"og:image:type\" content=\"image\/jpeg\" \/>\n<meta name=\"twitter:card\" content=\"summary_large_image\" \/>\n<meta name=\"twitter:label1\" content=\"Estimated reading time\" \/>\n\t<meta name=\"twitter:data1\" content=\"2 minutes\" \/>\n<script type=\"application\/ld+json\" class=\"yoast-schema-graph\">{\"@context\":\"https:\/\/schema.org\",\"@graph\":[{\"@type\":\"WebPage\",\"@id\":\"https:\/\/arianefoshotel.com\/nos-offres-speciales\/\",\"url\":\"https:\/\/arianefoshotel.com\/nos-offres-speciales\/\",\"name\":\"Offres sp\u00e9ciales | H\u00f4tel \u00e0 Fos-sur-Mer |\u00a0Ariane H\u00f4tel\",\"isPartOf\":{\"@id\":\"https:\/\/arianefoshotel.com\/#website\"},\"primaryImageOfPage\":{\"@id\":\"https:\/\/arianefoshotel.com\/nos-offres-speciales\/#primaryimage\"},\"image\":{\"@id\":\"https:\/\/arianefoshotel.com\/nos-offres-speciales\/#primaryimage\"},\"thumbnailUrl\":\"https:\/\/arianefoshotel.com\/wp-content\/uploads\/2025\/05\/ariane-hotel-chambre-presidente-lit-canape.jpg\",\"datePublished\":\"2018-09-14T03:14:47+00:00\",\"dateModified\":\"2025-05-29T21:10:16+00:00\",\"description\":\"Offres, R\u00e9ductions, offres week-end, s\u00e9jours demi-pension \u00e0 Fos Sur Mer. Profitez des bons plans H\u00f4tel Ariane 3 \u00e9toiles. R\u00e9servation\",\"breadcrumb\":{\"@id\":\"https:\/\/arianefoshotel.com\/nos-offres-speciales\/#breadcrumb\"},\"inLanguage\":\"en-GB\",\"potentialAction\":[{\"@type\":\"ReadAction\",\"target\":[\"https:\/\/arianefoshotel.com\/nos-offres-speciales\/\"]}]},{\"@type\":\"ImageObject\",\"inLanguage\":\"en-GB\",\"@id\":\"https:\/\/arianefoshotel.com\/nos-offres-speciales\/#primaryimage\",\"url\":\"https:\/\/arianefoshotel.com\/wp-content\/uploads\/2025\/05\/ariane-hotel-chambre-presidente-lit-canape.jpg\",\"contentUrl\":\"https:\/\/arianefoshotel.com\/wp-content\/uploads\/2025\/05\/ariane-hotel-chambre-presidente-lit-canape.jpg\",\"width\":2500,\"height\":1875,\"caption\":\"interieur chambre familiale Ariane hotel Fos sur Mer proche Marseille\"},{\"@type\":\"BreadcrumbList\",\"@id\":\"https:\/\/arianefoshotel.com\/nos-offres-speciales\/#breadcrumb\",\"itemListElement\":[{\"@type\":\"ListItem\",\"position\":1,\"name\":\"Accueil\",\"item\":\"https:\/\/arianefoshotel.com\/\"},{\"@type\":\"ListItem\",\"position\":2,\"name\":\"Offres sp\u00e9ciales\"}]},{\"@type\":\"WebSite\",\"@id\":\"https:\/\/arianefoshotel.com\/#website\",\"url\":\"https:\/\/arianefoshotel.com\/\",\"name\":\"Hotel Fos-Sur-Mer Ariane Hotel\",\"description\":\"\",\"publisher\":{\"@id\":\"https:\/\/arianefoshotel.com\/#organization\"},\"potentialAction\":[{\"@type\":\"SearchAction\",\"target\":{\"@type\":\"EntryPoint\",\"urlTemplate\":\"https:\/\/arianefoshotel.com\/?s={search_term_string}\"},\"query-input\":{\"@type\":\"PropertyValueSpecification\",\"valueRequired\":true,\"valueName\":\"search_term_string\"}}],\"inLanguage\":\"en-GB\"},{\"@type\":\"Organization\",\"@id\":\"https:\/\/arianefoshotel.com\/#organization\",\"name\":\"Hotel Fos-Sur-Mer Ariane Hotel\",\"url\":\"https:\/\/arianefoshotel.com\/\",\"logo\":{\"@type\":\"ImageObject\",\"inLanguage\":\"en-GB\",\"@id\":\"https:\/\/arianefoshotel.com\/#\/schema\/logo\/image\/\",\"url\":\"https:\/\/arianefoshotel.com\/wp-content\/uploads\/2025\/05\/cropped-Untitled-design-67.png\",\"contentUrl\":\"https:\/\/arianefoshotel.com\/wp-content\/uploads\/2025\/05\/cropped-Untitled-design-67.png\",\"width\":512,\"height\":512,\"caption\":\"Hotel Fos-Sur-Mer Ariane Hotel\"},\"image\":{\"@id\":\"https:\/\/arianefoshotel.com\/#\/schema\/logo\/image\/\"},\"sameAs\":[\"https:\/\/www.facebook.com\/profile.php?id=61572477488044&locale=fr_FR\",\"https:\/\/www.linkedin.com\/company\/ariane-htel-fos-sur-mer\/\",\"https:\/\/www.instagram.com\/arianehotel_fossurmer\/\"]}]}<\/script>\n<!-- \/ Yoast SEO plugin. -->","yoast_head_json":{"title":"Offres sp\u00e9ciales | H\u00f4tel \u00e0 Fos-sur-Mer |\u00a0Ariane H\u00f4tel","description":"Offres, R\u00e9ductions, offres week-end, s\u00e9jours demi-pension \u00e0 Fos Sur Mer. Profitez des bons plans H\u00f4tel Ariane 3 \u00e9toiles. R\u00e9servation","robots":{"index":"index","follow":"follow","max-snippet":"max-snippet:-1","max-image-preview":"max-image-preview:large","max-video-preview":"max-video-preview:-1"},"canonical":"https:\/\/arianefoshotel.com\/en\/our-special-offers\/","og_locale":"en_GB","og_type":"article","og_title":"Offres sp\u00e9ciales | H\u00f4tel \u00e0 Fos-sur-Mer |\u00a0Ariane H\u00f4tel","og_description":"Offres, R\u00e9ductions, offres week-end, s\u00e9jours demi-pension \u00e0 Fos Sur Mer. Profitez des bons plans H\u00f4tel Ariane 3 \u00e9toiles. R\u00e9servation","og_url":"https:\/\/arianefoshotel.com\/en\/our-special-offers\/","og_site_name":"H\u00f4tel \u00e0 Fos-sur-Mer |\u00a0Ariane H\u00f4tel","article_publisher":"https:\/\/www.facebook.com\/profile.php?id=61572477488044&locale=fr_FR","article_modified_time":"2025-05-29T21:10:16+00:00","og_image":[{"width":2500,"height":1875,"url":"https:\/\/arianefoshotel.com\/wp-content\/uploads\/2025\/05\/ariane-hotel-chambre-presidente-lit-canape.jpg","type":"image\/jpeg"}],"twitter_card":"summary_large_image","twitter_misc":{"Estimated reading time":"2 minutes"},"schema":{"@context":"https:\/\/schema.org","@graph":[{"@type":"WebPage","@id":"https:\/\/arianefoshotel.com\/nos-offres-speciales\/","url":"https:\/\/arianefoshotel.com\/nos-offres-speciales\/","name":"Offres sp\u00e9ciales | H\u00f4tel \u00e0 Fos-sur-Mer |\u00a0Ariane H\u00f4tel","isPartOf":{"@id":"https:\/\/arianefoshotel.com\/#website"},"primaryImageOfPage":{"@id":"https:\/\/arianefoshotel.com\/nos-offres-speciales\/#primaryimage"},"image":{"@id":"https:\/\/arianefoshotel.com\/nos-offres-speciales\/#primaryimage"},"thumbnailUrl":"https:\/\/arianefoshotel.com\/wp-content\/uploads\/2025\/05\/ariane-hotel-chambre-presidente-lit-canape.jpg","datePublished":"2018-09-14T03:14:47+00:00","dateModified":"2025-05-29T21:10:16+00:00","description":"Offres, R\u00e9ductions, offres week-end, s\u00e9jours demi-pension \u00e0 Fos Sur Mer. Profitez des bons plans H\u00f4tel Ariane 3 \u00e9toiles. R\u00e9servation","breadcrumb":{"@id":"https:\/\/arianefoshotel.com\/nos-offres-speciales\/#breadcrumb"},"inLanguage":"en-GB","potentialAction":[{"@type":"ReadAction","target":["https:\/\/arianefoshotel.com\/nos-offres-speciales\/"]}]},{"@type":"ImageObject","inLanguage":"en-GB","@id":"https:\/\/arianefoshotel.com\/nos-offres-speciales\/#primaryimage","url":"https:\/\/arianefoshotel.com\/wp-content\/uploads\/2025\/05\/ariane-hotel-chambre-presidente-lit-canape.jpg","contentUrl":"https:\/\/arianefoshotel.com\/wp-content\/uploads\/2025\/05\/ariane-hotel-chambre-presidente-lit-canape.jpg","width":2500,"height":1875,"caption":"interieur chambre familiale Ariane hotel Fos sur Mer proche Marseille"},{"@type":"BreadcrumbList","@id":"https:\/\/arianefoshotel.com\/nos-offres-speciales\/#breadcrumb","itemListElement":[{"@type":"ListItem","position":1,"name":"Accueil","item":"https:\/\/arianefoshotel.com\/"},{"@type":"ListItem","position":2,"name":"Offres sp\u00e9ciales"}]},{"@type":"WebSite","@id":"https:\/\/arianefoshotel.com\/#website","url":"https:\/\/arianefoshotel.com\/","name":"Hotel Fos-Sur-Mer Ariane Hotel","description":"","publisher":{"@id":"https:\/\/arianefoshotel.com\/#organization"},"potentialAction":[{"@type":"SearchAction","target":{"@type":"EntryPoint","urlTemplate":"https:\/\/arianefoshotel.com\/?s={search_term_string}"},"query-input":{"@type":"PropertyValueSpecification","valueRequired":true,"valueName":"search_term_string"}}],"inLanguage":"en-GB"},{"@type":"Organization","@id":"https:\/\/arianefoshotel.com\/#organization","name":"Hotel Fos-Sur-Mer Ariane Hotel","url":"https:\/\/arianefoshotel.com\/","logo":{"@type":"ImageObject","inLanguage":"en-GB","@id":"https:\/\/arianefoshotel.com\/#\/schema\/logo\/image\/","url":"https:\/\/arianefoshotel.com\/wp-content\/uploads\/2025\/05\/cropped-Untitled-design-67.png","contentUrl":"https:\/\/arianefoshotel.com\/wp-content\/uploads\/2025\/05\/cropped-Untitled-design-67.png","width":512,"height":512,"caption":"Hotel Fos-Sur-Mer Ariane Hotel"},"image":{"@id":"https:\/\/arianefoshotel.com\/#\/schema\/logo\/image\/"},"sameAs":["https:\/\/www.facebook.com\/profile.php?id=61572477488044&locale=fr_FR","https:\/\/www.linkedin.com\/company\/ariane-htel-fos-sur-mer\/","https:\/\/www.instagram.com\/arianehotel_fossurmer\/"]}]}},"_links":{"self":[{"href":"https:\/\/arianefoshotel.com\/en\/wp-json\/wp\/v2\/pages\/278","targetHints":{"allow":["GET"]}}],"collection":[{"href":"https:\/\/arianefoshotel.com\/en\/wp-json\/wp\/v2\/pages"}],"about":[{"href":"https:\/\/arianefoshotel.com\/en\/wp-json\/wp\/v2\/types\/page"}],"author":[{"embeddable":true,"href":"https:\/\/arianefoshotel.com\/en\/wp-json\/wp\/v2\/users\/2"}],"replies":[{"embeddable":true,"href":"https:\/\/arianefoshotel.com\/en\/wp-json\/wp\/v2\/comments?post=278"}],"version-history":[{"count":71,"href":"https:\/\/arianefoshotel.com\/en\/wp-json\/wp\/v2\/pages\/278\/revisions"}],"predecessor-version":[{"id":4719,"href":"https:\/\/arianefoshotel.com\/en\/wp-json\/wp\/v2\/pages\/278\/revisions\/4719"}],"wp:featuredmedia":[{"embeddable":true,"href":"https:\/\/arianefoshotel.com\/en\/wp-json\/wp\/v2\/media\/3989"}],"wp:attachment":[{"href":"https:\/\/arianefoshotel.com\/en\/wp-json\/wp\/v2\/media?parent=278"}],"curies":[{"name":"wp","href":"https:\/\/api.w.org\/{rel}","templated":true}]}}