{"id":339,"date":"2018-09-17T04:51:04","date_gmt":"2018-09-17T04:51:04","guid":{"rendered":"http:\/\/shtheme.net\/demosd\/charlostin1\/?page_id=339"},"modified":"2025-05-30T00:16:48","modified_gmt":"2025-05-29T22:16:48","slug":"restaurant-fos-sur-mer","status":"publish","type":"page","link":"https:\/\/arianefoshotel.com\/en\/restaurant-in-fos-sur-mer\/","title":{"rendered":"Restaurant"},"content":{"rendered":"<div data-elementor-type=\"wp-page\" data-elementor-id=\"339\" class=\"elementor elementor-339\" data-elementor-post-type=\"page\">\n\t\t\t\t\t\t<section class=\"elementor-section elementor-top-section elementor-element elementor-element-a661891 elementor-section-full_width elementor-section-height-default elementor-section-height-default\" data-id=\"a661891\" data-element_type=\"section\">\n\t\t\t\t\t\t<div class=\"elementor-container elementor-column-gap-no\">\n\t\t\t\t\t<div class=\"elementor-column elementor-col-100 elementor-top-column elementor-element elementor-element-1da5146\" data-id=\"1da5146\" data-element_type=\"column\">\n\t\t\t<div class=\"elementor-widget-wrap elementor-element-populated\">\n\t\t\t\t\t\t<div class=\"elementor-element elementor-element-492b560 elementor-align-left bgoverlay elementor-widget elementor-widget-pages-header\" data-id=\"492b560\" data-element_type=\"widget\" data-widget_type=\"pages-header.default\">\n\t\t\t\t<div class=\"elementor-widget-container\">\n\t\t\t\t\t\r\n\t\t\t\t<section class=\"breadcrumb_area\" style=\"background: url(https:\/\/arianefoshotel.com\/wp-content\/uploads\/2025\/05\/ariane-hotel-allotel-fos-restaurant-table-dressee.jpg) no-repeat scroll center;    \tbackground-size: cover;\">\r\n    \t        \t<div class=\"container\">\r\n        \t\t<div class=\"breadcrumb_text\">\r\n        \t\t\t        \t\t\t<h2>Restaurant<\/h2>\r\n        \t\t\t        \t\t\t<div class=\"link\">\r\n        \t\t\t\t        \t\t\t\t<a class=\"active\" href=\"https:\/\/arianefoshotel.com\/en\/\">Home<\/a>\r\n        \t\t\t\t        \t\t\t\t        \t\t\t\t<a href=\"#\">Restaurant Ariane<\/a>\r\n        \t\t\t\t        \t\t\t<\/div>\r\n        \t\t<\/div>\r\n        \t<\/div>\r\n        <\/section>\r\n\r\n\t\t\t\t\t<\/div>\n\t\t\t\t<\/div>\n\t\t\t\t\t<\/div>\n\t\t<\/div>\n\t\t\t\t\t<\/div>\n\t\t<\/section>\n\t\t\t\t<section class=\"elementor-section elementor-top-section elementor-element elementor-element-82387f8 elementor-section-full_width elementor-section-height-default elementor-section-height-default\" data-id=\"82387f8\" data-element_type=\"section\">\n\t\t\t\t\t\t<div class=\"elementor-container elementor-column-gap-no\">\n\t\t\t\t\t<div class=\"elementor-column elementor-col-100 elementor-top-column elementor-element elementor-element-0824b71\" data-id=\"0824b71\" data-element_type=\"column\">\n\t\t\t<div class=\"elementor-widget-wrap elementor-element-populated\">\n\t\t\t\t\t\t<div class=\"elementor-element elementor-element-b095860 elementor-align-left elementor-widget elementor-widget-pages-about\" data-id=\"b095860\" data-element_type=\"widget\" data-widget_type=\"pages-about.default\">\n\t\t\t\t<div class=\"elementor-widget-container\">\n\t\t\t\t\t\r\n\t\t<section class=\"about_restuarant_area p_100\">\r\n        \t<div class=\"container\">\r\n        \t\t<div class=\"row ab_res_inner\">\r\n        \t\t\t<div class=\"col-lg-8\">\r\n        \t\t\t\t<div class=\"ab_left\">\r\n        \t\t\t\t\t        \t\t\t\t\t<img decoding=\"async\" class=\"img-fluid\" src=\"https:\/\/arianefoshotel.com\/wp-content\/uploads\/2025\/05\/ariane-allotel-appart-hotel-parc-restaurant-terrasse.jpg\" alt=\"\">\r\n        \t\t\t\t\t        \t\t\t\t\t<div class=\"main_title\">\r\n        \t\t\t\t\t\t        \t\t\t\t\t\t<h2>Restaurant de l'Ariane<\/h2>\r\n        \t\t\t\t\t\t        \t\t\t\t\t\t        \t\t\t\t\t\t<h5>The Restaurant de l'Ariane, located in the heart of the hotel in Fos-sur-Mer, welcomes you all year round in a friendly and elegant atmosphere.<\/h5>\r\n        \t\t\t\t\t\t        \t\t\t\t\t\t        \t\t\t\t\t\t<p>Le Restaurant de l\u2019Ariane, situ\u00e9 au c\u0153ur de notre h\u00f4tel \u00e0 Fos-sur-Mer, vous accueille toute l\u2019ann\u00e9e dans un cadre chaleureux, convivial et \u00e9l\u00e9gant. Ouvert \u00e0 tous, il propose une cuisine savoureuse, inspir\u00e9e des produits frais, de saison et des arrivages du jour.\n\nNotre \u00e9quipe met un point d'honneur \u00e0 proposer une carte qui \u00e9volue r\u00e9guli\u00e8rement, afin de s'adapter aux saisons, \u00e0 la cr\u00e9ativit\u00e9 du chef et aux envies du moment. Vous y trouverez aussi bien des plats gourmands et g\u00e9n\u00e9reux que des recettes plus l\u00e9g\u00e8res et raffin\u00e9es.\n\nLe restaurant est ouvert aussi bien aux clients de l\u2019h\u00f4tel qu\u2019aux visiteurs ext\u00e9rieurs.\n\n<br><br>\n<p style=\"font-size: 16px;margin-top: 5px\">\n  <a href=\"https:\/\/restaurant-ariane.com\" target=\"_blank\" rel=\"noopener\">\n    \u2192 Acc\u00e9der au site officiel du restaurant\n  <\/a>\n<\/p>\n\n<p style=\"font-size: 16px;margin-top: 10px\">\n  <a href=\"https:\/\/www.facebook.com\/profile.php?id=61572477488044&amp;locale=fr_FR\" target=\"_blank\" rel=\"noopener\">\n    \u2192 D\u00e9couvrez les menus actualis\u00e9s et les suggestions du jour sur notre page Facebook\n  <\/a>\n<\/p>\n<\/p>\r\n        \t\t\t\t\t\t        \t\t\t\t\t<\/div>\r\n        \t\t\t\t<\/div>\r\n        \t\t\t<\/div>\r\n        \t\t\t<div class=\"col-lg-4\">\r\n        \t\t\t\t<div class=\"ab_right\">\r\n        \t\t\t\t\t        \t\t\t\t\t<img decoding=\"async\" class=\"img-fluid\" src=\"https:\/\/arianefoshotel.com\/wp-content\/uploads\/2025\/05\/ariane-hotel-allotel-fos-restaurant-deco-tables.jpg\" alt=\"\">\r\n        \t\t\t\t\t        \t\t\t\t\t        \t\t\t\t\t<h4><p style=\"font-size: 18px;line-height: 1.6\">\n  D\u00e9jeuner : lundi \u00e0 vendredi de 12h \u00e0 14h<br>\n  Dinner: Monday to Saturday from 7 p.m. to 10 p.m.<br><br>\n  Closed on Sundays\n<\/p>\n\n<\/h4>\r\n        \t\t\t\t\t        \t\t\t\t\t        \t\t\t\t\tWe advise you to book in advance, especially during the week or when staying in a hotel.<br>\n<br>R\u00e9servation au +33 (0) 4 42 05 00 57 \n<br>Restaurant Ariane \u2013 H\u00f4tel Ariane, Fos-sur-Mer        \t\t\t\t\t        \t\t\t\t<\/div>\r\n        \t\t\t<\/div>\r\n        \t\t<\/div>\r\n        \t<\/div>\r\n        <\/section>\r\n\r\n\t\t\t\t\t<\/div>\n\t\t\t\t<\/div>\n\t\t\t\t\t<\/div>\n\t\t<\/div>\n\t\t\t\t\t<\/div>\n\t\t<\/section>\n\t\t\t\t<\/div>","protected":false},"excerpt":{"rendered":"<p>Restaurant Accueil Restaurant Ariane Restaurant de l&rsquo;Ariane Le Restaurant de l\u2019Ariane, situ\u00e9 au c\u0153ur de l\u2019h\u00f4tel \u00e0 Fos-sur-Mer, vous accueille toute l\u2019ann\u00e9e dans une atmosph\u00e8re conviviale et \u00e9l\u00e9gante. Le Restaurant de l\u2019Ariane, situ\u00e9 au c\u0153ur de notre h\u00f4tel \u00e0 Fos-sur-Mer, vous accueille toute l\u2019ann\u00e9e dans un cadre chaleureux, convivial et \u00e9l\u00e9gant. Ouvert \u00e0 tous, il [&hellip;]<\/p>","protected":false},"author":2,"featured_media":2656,"parent":0,"menu_order":0,"comment_status":"closed","ping_status":"closed","template":"page-templates\/restaurant.php","meta":{"inline_featured_image":false,"footnotes":""},"class_list":["post-339","page","type-page","status-publish","has-post-thumbnail","hentry"],"yoast_head":"<!-- This site is optimized with the Yoast SEO plugin v26.5 - https:\/\/yoast.com\/wordpress\/plugins\/seo\/ -->\n<title>Restaurant | H\u00f4tel \u00e0 Fos-sur-Mer |\u00a0Ariane H\u00f4tel<\/title>\n<meta name=\"description\" content=\"Restaurant de l\u2019H\u00f4tel Ariane \u00e0 Fos Sur Mer. Cuisine m\u00e9diterran\u00e9enne, produits frais, terrasse et menus vari\u00e9s. R\u00e9serveation en direct\" \/>\n<meta name=\"robots\" content=\"index, follow, max-snippet:-1, max-image-preview:large, max-video-preview:-1\" \/>\n<link rel=\"canonical\" href=\"https:\/\/arianefoshotel.com\/en\/restaurant-in-fos-sur-mer\/\" \/>\n<meta property=\"og:locale\" content=\"en_GB\" \/>\n<meta property=\"og:type\" content=\"article\" \/>\n<meta property=\"og:title\" content=\"Restaurant | H\u00f4tel \u00e0 Fos-sur-Mer |\u00a0Ariane H\u00f4tel\" \/>\n<meta property=\"og:description\" content=\"Restaurant de l\u2019H\u00f4tel Ariane \u00e0 Fos Sur Mer. Cuisine m\u00e9diterran\u00e9enne, produits frais, terrasse et menus vari\u00e9s. R\u00e9serveation en direct\" \/>\n<meta property=\"og:url\" content=\"https:\/\/arianefoshotel.com\/en\/restaurant-in-fos-sur-mer\/\" \/>\n<meta property=\"og:site_name\" content=\"H\u00f4tel \u00e0 Fos-sur-Mer |\u00a0Ariane H\u00f4tel\" \/>\n<meta property=\"article:publisher\" content=\"https:\/\/www.facebook.com\/profile.php?id=61572477488044&amp;locale=fr_FR\" \/>\n<meta property=\"article:modified_time\" content=\"2025-05-29T22:16:48+00:00\" \/>\n<meta property=\"og:image\" content=\"https:\/\/arianefoshotel.com\/wp-content\/uploads\/2025\/05\/hotel-ariane-fos-sur-mer-restaurant-vue-jardin-parc-piscine-cuisine-mediterranee.jpg\" \/>\n\t<meta property=\"og:image:width\" content=\"370\" \/>\n\t<meta property=\"og:image:height\" content=\"272\" \/>\n\t<meta property=\"og:image:type\" content=\"image\/jpeg\" \/>\n<meta name=\"twitter:card\" content=\"summary_large_image\" \/>\n<meta name=\"twitter:label1\" content=\"Estimated reading time\" \/>\n\t<meta name=\"twitter:data1\" content=\"2 minutes\" \/>\n<script type=\"application\/ld+json\" class=\"yoast-schema-graph\">{\"@context\":\"https:\/\/schema.org\",\"@graph\":[{\"@type\":\"WebPage\",\"@id\":\"https:\/\/arianefoshotel.com\/restaurant-fos-sur-mer\/\",\"url\":\"https:\/\/arianefoshotel.com\/restaurant-fos-sur-mer\/\",\"name\":\"Restaurant | H\u00f4tel \u00e0 Fos-sur-Mer |\u00a0Ariane H\u00f4tel\",\"isPartOf\":{\"@id\":\"https:\/\/arianefoshotel.com\/#website\"},\"primaryImageOfPage\":{\"@id\":\"https:\/\/arianefoshotel.com\/restaurant-fos-sur-mer\/#primaryimage\"},\"image\":{\"@id\":\"https:\/\/arianefoshotel.com\/restaurant-fos-sur-mer\/#primaryimage\"},\"thumbnailUrl\":\"https:\/\/arianefoshotel.com\/wp-content\/uploads\/2025\/05\/hotel-ariane-fos-sur-mer-restaurant-vue-jardin-parc-piscine-cuisine-mediterranee.jpg\",\"datePublished\":\"2018-09-17T04:51:04+00:00\",\"dateModified\":\"2025-05-29T22:16:48+00:00\",\"description\":\"Restaurant de l\u2019H\u00f4tel Ariane \u00e0 Fos Sur Mer. Cuisine m\u00e9diterran\u00e9enne, produits frais, terrasse et menus vari\u00e9s. R\u00e9serveation en direct\",\"breadcrumb\":{\"@id\":\"https:\/\/arianefoshotel.com\/restaurant-fos-sur-mer\/#breadcrumb\"},\"inLanguage\":\"en-GB\",\"potentialAction\":[{\"@type\":\"ReadAction\",\"target\":[\"https:\/\/arianefoshotel.com\/restaurant-fos-sur-mer\/\"]}]},{\"@type\":\"ImageObject\",\"inLanguage\":\"en-GB\",\"@id\":\"https:\/\/arianefoshotel.com\/restaurant-fos-sur-mer\/#primaryimage\",\"url\":\"https:\/\/arianefoshotel.com\/wp-content\/uploads\/2025\/05\/hotel-ariane-fos-sur-mer-restaurant-vue-jardin-parc-piscine-cuisine-mediterranee.jpg\",\"contentUrl\":\"https:\/\/arianefoshotel.com\/wp-content\/uploads\/2025\/05\/hotel-ariane-fos-sur-mer-restaurant-vue-jardin-parc-piscine-cuisine-mediterranee.jpg\",\"width\":370,\"height\":272},{\"@type\":\"BreadcrumbList\",\"@id\":\"https:\/\/arianefoshotel.com\/restaurant-fos-sur-mer\/#breadcrumb\",\"itemListElement\":[{\"@type\":\"ListItem\",\"position\":1,\"name\":\"Accueil\",\"item\":\"https:\/\/arianefoshotel.com\/\"},{\"@type\":\"ListItem\",\"position\":2,\"name\":\"Restaurant\"}]},{\"@type\":\"WebSite\",\"@id\":\"https:\/\/arianefoshotel.com\/#website\",\"url\":\"https:\/\/arianefoshotel.com\/\",\"name\":\"Hotel Fos-Sur-Mer Ariane Hotel\",\"description\":\"\",\"publisher\":{\"@id\":\"https:\/\/arianefoshotel.com\/#organization\"},\"potentialAction\":[{\"@type\":\"SearchAction\",\"target\":{\"@type\":\"EntryPoint\",\"urlTemplate\":\"https:\/\/arianefoshotel.com\/?s={search_term_string}\"},\"query-input\":{\"@type\":\"PropertyValueSpecification\",\"valueRequired\":true,\"valueName\":\"search_term_string\"}}],\"inLanguage\":\"en-GB\"},{\"@type\":\"Organization\",\"@id\":\"https:\/\/arianefoshotel.com\/#organization\",\"name\":\"Hotel Fos-Sur-Mer Ariane Hotel\",\"url\":\"https:\/\/arianefoshotel.com\/\",\"logo\":{\"@type\":\"ImageObject\",\"inLanguage\":\"en-GB\",\"@id\":\"https:\/\/arianefoshotel.com\/#\/schema\/logo\/image\/\",\"url\":\"https:\/\/arianefoshotel.com\/wp-content\/uploads\/2025\/05\/cropped-Untitled-design-67.png\",\"contentUrl\":\"https:\/\/arianefoshotel.com\/wp-content\/uploads\/2025\/05\/cropped-Untitled-design-67.png\",\"width\":512,\"height\":512,\"caption\":\"Hotel Fos-Sur-Mer Ariane Hotel\"},\"image\":{\"@id\":\"https:\/\/arianefoshotel.com\/#\/schema\/logo\/image\/\"},\"sameAs\":[\"https:\/\/www.facebook.com\/profile.php?id=61572477488044&locale=fr_FR\",\"https:\/\/www.linkedin.com\/company\/ariane-htel-fos-sur-mer\/\",\"https:\/\/www.instagram.com\/arianehotel_fossurmer\/\"]}]}<\/script>\n<!-- \/ Yoast SEO plugin. -->","yoast_head_json":{"title":"Restaurant | H\u00f4tel \u00e0 Fos-sur-Mer |\u00a0Ariane H\u00f4tel","description":"Restaurant de l\u2019H\u00f4tel Ariane \u00e0 Fos Sur Mer. Cuisine m\u00e9diterran\u00e9enne, produits frais, terrasse et menus vari\u00e9s. R\u00e9serveation en direct","robots":{"index":"index","follow":"follow","max-snippet":"max-snippet:-1","max-image-preview":"max-image-preview:large","max-video-preview":"max-video-preview:-1"},"canonical":"https:\/\/arianefoshotel.com\/en\/restaurant-in-fos-sur-mer\/","og_locale":"en_GB","og_type":"article","og_title":"Restaurant | H\u00f4tel \u00e0 Fos-sur-Mer |\u00a0Ariane H\u00f4tel","og_description":"Restaurant de l\u2019H\u00f4tel Ariane \u00e0 Fos Sur Mer. Cuisine m\u00e9diterran\u00e9enne, produits frais, terrasse et menus vari\u00e9s. R\u00e9serveation en direct","og_url":"https:\/\/arianefoshotel.com\/en\/restaurant-in-fos-sur-mer\/","og_site_name":"H\u00f4tel \u00e0 Fos-sur-Mer |\u00a0Ariane H\u00f4tel","article_publisher":"https:\/\/www.facebook.com\/profile.php?id=61572477488044&locale=fr_FR","article_modified_time":"2025-05-29T22:16:48+00:00","og_image":[{"width":370,"height":272,"url":"https:\/\/arianefoshotel.com\/wp-content\/uploads\/2025\/05\/hotel-ariane-fos-sur-mer-restaurant-vue-jardin-parc-piscine-cuisine-mediterranee.jpg","type":"image\/jpeg"}],"twitter_card":"summary_large_image","twitter_misc":{"Estimated reading time":"2 minutes"},"schema":{"@context":"https:\/\/schema.org","@graph":[{"@type":"WebPage","@id":"https:\/\/arianefoshotel.com\/restaurant-fos-sur-mer\/","url":"https:\/\/arianefoshotel.com\/restaurant-fos-sur-mer\/","name":"Restaurant | H\u00f4tel \u00e0 Fos-sur-Mer |\u00a0Ariane H\u00f4tel","isPartOf":{"@id":"https:\/\/arianefoshotel.com\/#website"},"primaryImageOfPage":{"@id":"https:\/\/arianefoshotel.com\/restaurant-fos-sur-mer\/#primaryimage"},"image":{"@id":"https:\/\/arianefoshotel.com\/restaurant-fos-sur-mer\/#primaryimage"},"thumbnailUrl":"https:\/\/arianefoshotel.com\/wp-content\/uploads\/2025\/05\/hotel-ariane-fos-sur-mer-restaurant-vue-jardin-parc-piscine-cuisine-mediterranee.jpg","datePublished":"2018-09-17T04:51:04+00:00","dateModified":"2025-05-29T22:16:48+00:00","description":"Restaurant de l\u2019H\u00f4tel Ariane \u00e0 Fos Sur Mer. Cuisine m\u00e9diterran\u00e9enne, produits frais, terrasse et menus vari\u00e9s. R\u00e9serveation en direct","breadcrumb":{"@id":"https:\/\/arianefoshotel.com\/restaurant-fos-sur-mer\/#breadcrumb"},"inLanguage":"en-GB","potentialAction":[{"@type":"ReadAction","target":["https:\/\/arianefoshotel.com\/restaurant-fos-sur-mer\/"]}]},{"@type":"ImageObject","inLanguage":"en-GB","@id":"https:\/\/arianefoshotel.com\/restaurant-fos-sur-mer\/#primaryimage","url":"https:\/\/arianefoshotel.com\/wp-content\/uploads\/2025\/05\/hotel-ariane-fos-sur-mer-restaurant-vue-jardin-parc-piscine-cuisine-mediterranee.jpg","contentUrl":"https:\/\/arianefoshotel.com\/wp-content\/uploads\/2025\/05\/hotel-ariane-fos-sur-mer-restaurant-vue-jardin-parc-piscine-cuisine-mediterranee.jpg","width":370,"height":272},{"@type":"BreadcrumbList","@id":"https:\/\/arianefoshotel.com\/restaurant-fos-sur-mer\/#breadcrumb","itemListElement":[{"@type":"ListItem","position":1,"name":"Accueil","item":"https:\/\/arianefoshotel.com\/"},{"@type":"ListItem","position":2,"name":"Restaurant"}]},{"@type":"WebSite","@id":"https:\/\/arianefoshotel.com\/#website","url":"https:\/\/arianefoshotel.com\/","name":"Hotel Fos-Sur-Mer Ariane Hotel","description":"","publisher":{"@id":"https:\/\/arianefoshotel.com\/#organization"},"potentialAction":[{"@type":"SearchAction","target":{"@type":"EntryPoint","urlTemplate":"https:\/\/arianefoshotel.com\/?s={search_term_string}"},"query-input":{"@type":"PropertyValueSpecification","valueRequired":true,"valueName":"search_term_string"}}],"inLanguage":"en-GB"},{"@type":"Organization","@id":"https:\/\/arianefoshotel.com\/#organization","name":"Hotel Fos-Sur-Mer Ariane Hotel","url":"https:\/\/arianefoshotel.com\/","logo":{"@type":"ImageObject","inLanguage":"en-GB","@id":"https:\/\/arianefoshotel.com\/#\/schema\/logo\/image\/","url":"https:\/\/arianefoshotel.com\/wp-content\/uploads\/2025\/05\/cropped-Untitled-design-67.png","contentUrl":"https:\/\/arianefoshotel.com\/wp-content\/uploads\/2025\/05\/cropped-Untitled-design-67.png","width":512,"height":512,"caption":"Hotel Fos-Sur-Mer Ariane Hotel"},"image":{"@id":"https:\/\/arianefoshotel.com\/#\/schema\/logo\/image\/"},"sameAs":["https:\/\/www.facebook.com\/profile.php?id=61572477488044&locale=fr_FR","https:\/\/www.linkedin.com\/company\/ariane-htel-fos-sur-mer\/","https:\/\/www.instagram.com\/arianehotel_fossurmer\/"]}]}},"_links":{"self":[{"href":"https:\/\/arianefoshotel.com\/en\/wp-json\/wp\/v2\/pages\/339","targetHints":{"allow":["GET"]}}],"collection":[{"href":"https:\/\/arianefoshotel.com\/en\/wp-json\/wp\/v2\/pages"}],"about":[{"href":"https:\/\/arianefoshotel.com\/en\/wp-json\/wp\/v2\/types\/page"}],"author":[{"embeddable":true,"href":"https:\/\/arianefoshotel.com\/en\/wp-json\/wp\/v2\/users\/2"}],"replies":[{"embeddable":true,"href":"https:\/\/arianefoshotel.com\/en\/wp-json\/wp\/v2\/comments?post=339"}],"version-history":[{"count":59,"href":"https:\/\/arianefoshotel.com\/en\/wp-json\/wp\/v2\/pages\/339\/revisions"}],"predecessor-version":[{"id":4812,"href":"https:\/\/arianefoshotel.com\/en\/wp-json\/wp\/v2\/pages\/339\/revisions\/4812"}],"wp:featuredmedia":[{"embeddable":true,"href":"https:\/\/arianefoshotel.com\/en\/wp-json\/wp\/v2\/media\/2656"}],"wp:attachment":[{"href":"https:\/\/arianefoshotel.com\/en\/wp-json\/wp\/v2\/media?parent=339"}],"curies":[{"name":"wp","href":"https:\/\/api.w.org\/{rel}","templated":true}]}}