{"id":391,"date":"2018-09-18T08:07:08","date_gmt":"2018-09-18T08:07:08","guid":{"rendered":"http:\/\/shtheme.net\/demosd\/charlostin1\/?page_id=391"},"modified":"2025-05-28T16:39:07","modified_gmt":"2025-05-28T14:39:07","slug":"activites","status":"publish","type":"page","link":"https:\/\/arianefoshotel.com\/en\/activities\/","title":{"rendered":"To discover"},"content":{"rendered":"<div data-elementor-type=\"wp-page\" data-elementor-id=\"391\" class=\"elementor elementor-391\" data-elementor-post-type=\"page\">\n\t\t\t\t\t\t<section class=\"elementor-section elementor-top-section elementor-element elementor-element-f3e3f7c elementor-section-full_width elementor-section-height-default elementor-section-height-default\" data-id=\"f3e3f7c\" data-element_type=\"section\">\n\t\t\t\t\t\t<div class=\"elementor-container elementor-column-gap-no\">\n\t\t\t\t\t<div class=\"elementor-column elementor-col-100 elementor-top-column elementor-element elementor-element-3eac2dd\" data-id=\"3eac2dd\" data-element_type=\"column\">\n\t\t\t<div class=\"elementor-widget-wrap elementor-element-populated\">\n\t\t\t\t\t\t<div class=\"elementor-element elementor-element-76e68c6 elementor-align-left elementor-widget elementor-widget-pages-header\" data-id=\"76e68c6\" data-element_type=\"widget\" data-widget_type=\"pages-header.default\">\n\t\t\t\t<div class=\"elementor-widget-container\">\n\t\t\t\t\t\r\n\t\t\t\t<section class=\"breadcrumb_area\" style=\"background: url(https:\/\/arianefoshotel.com\/wp-content\/uploads\/2025\/05\/ariane-allotel-appart-hotel-fos-camargue-provence.jpg) no-repeat scroll center;    \tbackground-size: cover;\">\r\n    \t        \t<div class=\"container\">\r\n        \t\t<div class=\"breadcrumb_text\">\r\n        \t\t\t        \t\t\t<h2>Explore the region<\/h2>\r\n        \t\t\t        \t\t\t<div class=\"link\">\r\n        \t\t\t\t        \t\t\t\t<a class=\"active\" href=\"https:\/\/arianefoshotel.com\/en\/\">Home<\/a>\r\n        \t\t\t\t        \t\t\t\t        \t\t\t\t<a href=\"#\">Activities<\/a>\r\n        \t\t\t\t        \t\t\t<\/div>\r\n        \t\t<\/div>\r\n        \t<\/div>\r\n        <\/section>\r\n\r\n\t\t\t\t\t<\/div>\n\t\t\t\t<\/div>\n\t\t\t\t\t<\/div>\n\t\t<\/div>\n\t\t\t\t\t<\/div>\n\t\t<\/section>\n\t\t\t\t<section class=\"elementor-section elementor-top-section elementor-element elementor-element-d59ac35 elementor-section-full_width elementor-section-height-default elementor-section-height-default\" data-id=\"d59ac35\" data-element_type=\"section\">\n\t\t\t\t\t\t<div class=\"elementor-container elementor-column-gap-no\">\n\t\t\t\t\t<div class=\"elementor-column elementor-col-100 elementor-top-column elementor-element elementor-element-6567958\" data-id=\"6567958\" data-element_type=\"column\">\n\t\t\t<div class=\"elementor-widget-wrap elementor-element-populated\">\n\t\t\t\t\t\t<div class=\"elementor-element elementor-element-dfa4a18 elementor-align-left elementor-widget elementor-widget-pages-activities\" data-id=\"dfa4a18\" data-element_type=\"widget\" data-widget_type=\"pages-activities.default\">\n\t\t\t\t<div class=\"elementor-widget-container\">\n\t\t\t\t\t\r\n        <section class=\"activities_area p_100\">\r\n        \t<div class=\"container\">\r\n        \t\t<div class=\"main_title\">\r\n        \t\t\t        \t\t\t<h2>Discover Fos-sur-Mer and the surrounding area<\/h2>\r\n        \t\t\t        \t\t\t        \t\t\t<h5>A region between land and sea, rich in landscapes, heritage and escapades, between Provence and the Mediterranean.<\/h5>\r\n        \t\t\t        \t\t\t        \t\t\t<p>Explore the riches of Fos-sur-Mer, with its beaches, ports, footpaths and activities for all the family.\nA few kilometres away, the wild landscapes of the Camargue, the heritage of Arles or the bustle of Marseille offer a variety of discoveries, between nature and culture.\nIt's an area you can explore to your heart's content, for a holiday or a weekend.<\/p>\r\n        \t\t\t        \t\t<\/div>\r\n        \t\t<div class=\"activities_inner\">\r\n        \t\t\t        \t\t\t\t        \t\t\t<div class=\"row activities_item align-items-end\">\r\n\t        \t\t\t\t<div class=\"col-lg-5\">\r\n\t        \t\t\t\t\t\t        \t\t\t\t\t<img decoding=\"async\" class=\"img-fluid\" src=\"https:\/\/shtheme.com\/demosd\/charlostin\/wp-content\/uploads\/2018\/09\/activities-1.jpg\" alt=\"\">\r\n\t        \t\t\t\t\t\t        \t\t\t\t<\/div>\r\n\t        \t\t\t\t<div class=\"col-lg-7\">\r\n\t        \t\t\t\t\t<div class=\"activities_text\">\r\n\t        \t\t\t\t\t\t\t        \t\t\t\t\t\t<a href=\"https:\/\/www.tourisme.fossurmer.fr\/decouvrir\/nature-et-paysage\/plages-et-port\/\"><h4>The beaches of Fos-sur-Mer<\/h4><\/a>\r\n\t        \t\t\t\t\t\t\t        \t\t\t\t\t\t\t        \t\t\t\t\t\t<p>Fos-sur-Mer has a number of beaches to suit all tastes: family, natural or developed. Among the most popular are Grande Plage, Plage du Cavaou, Saint-Gervais and Plage Napol\u00e9on. Easily accessible, they invite you to swim, relax and enjoy seaside activities in Provence.<\/p>\r\n\t        \t\t\t\t\t\t\t        \t\t\t\t\t\t\t        \t\t\t\t\t\t<a class=\"main_btn\" href=\"https:\/\/www.tourisme.fossurmer.fr\/decouvrir\/nature-et-paysage\/plages-et-port\/\">Find out more<\/a>\r\n\t        \t\t\t\t\t\t\t        \t\t\t\t\t<\/div>\r\n\t        \t\t\t\t<\/div>\r\n\t        \t\t\t<\/div>\r\n\t        \t\t        \t\t\t        \t\t\t\t        \t\t\t<div class=\"row activities_item right align-items-end\">\r\n\t        \t\t\t\t<div class=\"col-lg-7\">\r\n\t        \t\t\t\t\t<div class=\"activities_text\">\r\n\t        \t\t\t\t\t\t\t        \t\t\t\t\t\t<a href=\"https:\/\/www.fossurmer.fr\/actualite\/lhauture-sentinelle-medievale-sur-les-rives-de-provence\/\"><h4>Ch\u00e2teau de l'Hauture<\/h4><\/a>\r\n\t        \t\t\t\t\t\t\t        \t\t\t\t\t\t\t        \t\t\t\t\t\t<p>Overlooking Fos-sur-Mer, Ch\u00e2teau de l'Hauture is an ancient medieval site offering superb views over the marshes, ponds and coastline. Freely accessible, this peaceful spot is ideal for a stroll through local history and Provencal heritage. A must-see spot at sunset to take in the panorama.<\/p>\r\n\t        \t\t\t\t\t\t\t        \t\t\t\t\t\t\t        \t\t\t\t\t\t<a class=\"main_btn\" href=\"https:\/\/www.fossurmer.fr\/actualite\/lhauture-sentinelle-medievale-sur-les-rives-de-provence\/\">Find out more<\/a>\r\n\t        \t\t\t\t\t\t\t        \t\t\t\t\t<\/div>\r\n\t        \t\t\t\t<\/div>\r\n\t        \t\t\t\t<div class=\"col-lg-5\">\r\n\t        \t\t\t\t\t\t        \t\t\t\t\t<img decoding=\"async\" class=\"img-fluid\" src=\"https:\/\/arianefoshotel.com\/wp-content\/uploads\/2025\/05\/ariane-hotel-fos-sur-mer-chateau-hauture-tourisme.jpg\" alt=\"\">\r\n\t        \t\t\t\t\t\t        \t\t\t\t<\/div>\r\n\t        \t\t\t<\/div>\r\n\t        \t\t        \t\t\t        \t\t\t\t        \t\t\t<div class=\"row activities_item align-items-end\">\r\n\t        \t\t\t\t<div class=\"col-lg-5\">\r\n\t        \t\t\t\t\t\t        \t\t\t\t\t<img decoding=\"async\" class=\"img-fluid\" src=\"https:\/\/arianefoshotel.com\/wp-content\/uploads\/2025\/05\/ariane-hotel-fos-sur-mer-foret-castillon-port-de-bouc-activites-randonnee-velo-balade.jpg\" alt=\"\">\r\n\t        \t\t\t\t\t\t        \t\t\t\t<\/div>\r\n\t        \t\t\t\t<div class=\"col-lg-7\">\r\n\t        \t\t\t\t\t<div class=\"activities_text\">\r\n\t        \t\t\t\t\t\t\t        \t\t\t\t\t\t<a href=\"https:\/\/www.portdebouc.fr\/la-foret-de-castillon\"><h4>The Forest of Castillon<\/h4><\/a>\r\n\t        \t\t\t\t\t\t\t        \t\t\t\t\t\t\t        \t\t\t\t\t\t<p>Just a few minutes away, the Castillon forest in Port-de-Bouc is a vast natural area ideal for hiking, cycling or picnicking. A peaceful spot of greenery, perfect for a family getaway just a stone's throw from Fos-sur-Mer. A popular spot for locals to take a simple break from nature.<\/p>\r\n\t        \t\t\t\t\t\t\t        \t\t\t\t\t\t\t        \t\t\t\t\t\t<a class=\"main_btn\" href=\"https:\/\/www.portdebouc.fr\/la-foret-de-castillon\">Find out more<\/a>\r\n\t        \t\t\t\t\t\t\t        \t\t\t\t\t<\/div>\r\n\t        \t\t\t\t<\/div>\r\n\t        \t\t\t<\/div>\r\n\t        \t\t        \t\t\t        \t\t\t\t        \t\t\t<div class=\"row activities_item right align-items-end\">\r\n\t        \t\t\t\t<div class=\"col-lg-7\">\r\n\t        \t\t\t\t\t<div class=\"activities_text\">\r\n\t        \t\t\t\t\t\t\t        \t\t\t\t\t\t<a href=\"https:\/\/www.levillagedesenfants.net\/parc-dattraction-fos-sur-mer\/\"><h4>The Children's Village<\/h4><\/a>\r\n\t        \t\t\t\t\t\t\t        \t\t\t\t\t\t\t        \t\t\t\t\t\t<p>A family leisure area designed with children in mind, with a mini-farm, merry-go-rounds, water games, inflatable structures and an adventure course. Open in season, the Children's Village offers a variety of activities in a safe and friendly environment, ideal for families staying in Fos-sur-Mer. A fun and refreshing outing that will delight young and old alike.<\/p>\r\n\t        \t\t\t\t\t\t\t        \t\t\t\t\t\t\t        \t\t\t\t\t\t<a class=\"main_btn\" href=\"https:\/\/www.levillagedesenfants.net\/parc-dattraction-fos-sur-mer\/\">Find out more<\/a>\r\n\t        \t\t\t\t\t\t\t        \t\t\t\t\t<\/div>\r\n\t        \t\t\t\t<\/div>\r\n\t        \t\t\t\t<div class=\"col-lg-5\">\r\n\t        \t\t\t\t\t\t        \t\t\t\t\t<img decoding=\"async\" class=\"img-fluid\" src=\"https:\/\/arianefoshotel.com\/wp-content\/uploads\/2025\/05\/ariane-hotel-fos-sur-mer-activites-village-des-enfants-parc-famille-maneges-jeux-aquatiques-ferme.jpg\" alt=\"\">\r\n\t        \t\t\t\t\t\t        \t\t\t\t<\/div>\r\n\t        \t\t\t<\/div>\r\n\t        \t\t        \t\t\t        \t\t\t\t        \t\t\t<div class=\"row activities_item align-items-end\">\r\n\t        \t\t\t\t<div class=\"col-lg-5\">\r\n\t        \t\t\t\t\t\t        \t\t\t\t\t<img decoding=\"async\" class=\"img-fluid\" src=\"https:\/\/arianefoshotel.com\/wp-content\/uploads\/2025\/05\/ariane-hotel-fos-sur-mer-fete-crau-activite-provence-traditions.jpg\" alt=\"\">\r\n\t        \t\t\t\t\t\t        \t\t\t\t<\/div>\r\n\t        \t\t\t\t<div class=\"col-lg-7\">\r\n\t        \t\t\t\t\t<div class=\"activities_text\">\r\n\t        \t\t\t\t\t\t\t        \t\t\t\t\t\t<a href=\"https:\/\/www.tourisme.fossurmer.fr\/\"><h4>Events and Festivities<\/h4><\/a>\r\n\t        \t\t\t\t\t\t\t        \t\t\t\t\t\t\t        \t\t\t\t\t\t<p>Throughout the year, Fos-sur-Mer is alive with local festivals, Provencal markets and cultural events. Summer concerts, festivals, fireworks displays, Camargue traditions and night markets: every season has its share of events. A lively calendar that reflects the warm and festive identity of Provence.<\/p>\r\n\t        \t\t\t\t\t\t\t        \t\t\t\t\t\t\t        \t\t\t\t\t\t<a class=\"main_btn\" href=\"https:\/\/www.tourisme.fossurmer.fr\/\">See the diary<\/a>\r\n\t        \t\t\t\t\t\t\t        \t\t\t\t\t<\/div>\r\n\t        \t\t\t\t<\/div>\r\n\t        \t\t\t<\/div>\r\n\t        \t\t        \t\t\t        \t\t\t\t        \t\t\t<div class=\"row activities_item right align-items-end\">\r\n\t        \t\t\t\t<div class=\"col-lg-7\">\r\n\t        \t\t\t\t\t<div class=\"activities_text\">\r\n\t        \t\t\t\t\t\t\t        \t\t\t\t\t\t<a href=\"https:\/\/www.arlestourisme.com\/fr\/?20250516192836\"><h4>Arles - History &amp; Contemporary Art<\/h4><\/a>\r\n\t        \t\t\t\t\t\t\t        \t\t\t\t\t\t\t        \t\t\t\t\t\t<p>Explore Arles, a city of art and history where Roman remains, museums and the LUMA Foundation stand side by side. With its ancient arenas, art galleries and lively streets, this Proven\u00e7al city offers a remarkable wealth of cultural attractions. A must for heritage lovers, just 40 minutes from Fos-sur-Mer.<\/p>\r\n\t        \t\t\t\t\t\t\t        \t\t\t\t\t\t\t        \t\t\t\t\t\t<a class=\"main_btn\" href=\"https:\/\/www.arlestourisme.com\/fr\/?20250516192836\">Find out more<\/a>\r\n\t        \t\t\t\t\t\t\t        \t\t\t\t\t<\/div>\r\n\t        \t\t\t\t<\/div>\r\n\t        \t\t\t\t<div class=\"col-lg-5\">\r\n\t        \t\t\t\t\t\t        \t\t\t\t\t<img decoding=\"async\" class=\"img-fluid\" src=\"https:\/\/arianefoshotel.com\/wp-content\/uploads\/2025\/05\/ariane-hotel-fos-sur-mer-arenes-arles-patrimoine-provence-camargue.jpg\" alt=\"\">\r\n\t        \t\t\t\t\t\t        \t\t\t\t<\/div>\r\n\t        \t\t\t<\/div>\r\n\t        \t\t        \t\t\t        \t\t\t\t        \t\t\t<div class=\"row activities_item align-items-end\">\r\n\t        \t\t\t\t<div class=\"col-lg-5\">\r\n\t        \t\t\t\t\t\t        \t\t\t\t\t<img decoding=\"async\" class=\"img-fluid\" src=\"https:\/\/arianefoshotel.com\/wp-content\/uploads\/2025\/05\/ariane-hotel-fos-sur-mer-parc-naturel-regional-camargue-flamants-roses-provence.jpg\" alt=\"\">\r\n\t        \t\t\t\t\t\t        \t\t\t\t<\/div>\r\n\t        \t\t\t\t<div class=\"col-lg-7\">\r\n\t        \t\t\t\t\t<div class=\"activities_text\">\r\n\t        \t\t\t\t\t\t\t        \t\t\t\t\t\t<a href=\"https:\/\/www.parc-camargue.fr\/\"><h4>Camargue Regional Nature Park<\/h4><\/a>\r\n\t        \t\t\t\t\t\t\t        \t\t\t\t\t\t\t        \t\t\t\t\t\t<p>Free-roaming horses, pink flamingos, salt marshes and rice fields... The Camargue unfurls its wild landscapes between land and water. This protected park invites you to observe, hike or horse ride in the heart of a unique natural environment. A complete change of scenery just a few kilometres from the Mediterranean coast.<\/p>\r\n\t        \t\t\t\t\t\t\t        \t\t\t\t\t\t\t        \t\t\t\t\t\t<a class=\"main_btn\" href=\"https:\/\/www.parc-camargue.fr\/\">Find out more<\/a>\r\n\t        \t\t\t\t\t\t\t        \t\t\t\t\t<\/div>\r\n\t        \t\t\t\t<\/div>\r\n\t        \t\t\t<\/div>\r\n\t        \t\t        \t\t\t        \t\t\t\t        \t\t\t<div class=\"row activities_item right align-items-end\">\r\n\t        \t\t\t\t<div class=\"col-lg-7\">\r\n\t        \t\t\t\t\t<div class=\"activities_text\">\r\n\t        \t\t\t\t\t\t\t        \t\t\t\t\t\t<a href=\"https:\/\/www.marseille-tourisme.com\/\"><h4>Marseille - Old Port &amp; Calanques<\/h4><\/a>\r\n\t        \t\t\t\t\t\t\t        \t\t\t\t\t\t\t        \t\t\t\t\t\t<p>Less than an hour away, Marseille has plenty to offer in terms of energy, heritage and stunning scenery. Visit the Old Port and the Notre-Dame de la Garde basilica, then take a boat trip to explore the Sormiou or Morgiou creeks. An escape between city, sea and nature to complete your stay in Provence.<\/p>\r\n\t        \t\t\t\t\t\t\t        \t\t\t\t\t\t\t        \t\t\t\t\t\t<a class=\"main_btn\" href=\"https:\/\/www.marseille-tourisme.com\/\">Find out more<\/a>\r\n\t        \t\t\t\t\t\t\t        \t\t\t\t\t<\/div>\r\n\t        \t\t\t\t<\/div>\r\n\t        \t\t\t\t<div class=\"col-lg-5\">\r\n\t        \t\t\t\t\t\t        \t\t\t\t\t<img decoding=\"async\" class=\"img-fluid\" src=\"https:\/\/arianefoshotel.com\/wp-content\/uploads\/2025\/05\/ariane-hotel-fos-sur-mer-activites-marseille-vieux-port-notre-dame-provence-tourisme.jpg\" alt=\"\">\r\n\t        \t\t\t\t\t\t        \t\t\t\t<\/div>\r\n\t        \t\t\t<\/div>\r\n\t        \t\t        \t\t\t        \t\t<\/div>\r\n        \t<\/div>\r\n        <\/section>\r\n\r\n\t\t\t\t\t<\/div>\n\t\t\t\t<\/div>\n\t\t\t\t\t<\/div>\n\t\t<\/div>\n\t\t\t\t\t<\/div>\n\t\t<\/section>\n\t\t\t\t<\/div>","protected":false},"excerpt":{"rendered":"<p>Explorez la r\u00e9gion Accueil Activit\u00e9s \u00c0 d\u00e9couvrir \u00e0 Fos-sur-Mer et dans ses environs Une r\u00e9gion entre terre et mer, riche en paysages, patrimoine et escapades, entre Provence et M\u00e9diterran\u00e9e. Explorez les richesses de Fos-sur-Mer, entre plages, ports, sentiers et activit\u00e9s pour toute la famille. \u00c0 quelques kilom\u00e8tres, les paysages sauvages de Camargue, le patrimoine d\u2019Arles [&hellip;]<\/p>","protected":false},"author":2,"featured_media":0,"parent":0,"menu_order":0,"comment_status":"closed","ping_status":"closed","template":"page-templates\/home.php","meta":{"inline_featured_image":false,"footnotes":""},"class_list":["post-391","page","type-page","status-publish","hentry"],"yoast_head":"<!-- This site is optimized with the Yoast SEO plugin v26.5 - https:\/\/yoast.com\/wordpress\/plugins\/seo\/ -->\n<title>\u00c0 d\u00e9couvrir | H\u00f4tel \u00e0 Fos-sur-Mer |\u00a0Ariane H\u00f4tel<\/title>\n<meta name=\"robots\" content=\"index, follow, max-snippet:-1, max-image-preview:large, max-video-preview:-1\" \/>\n<link rel=\"canonical\" href=\"https:\/\/arianefoshotel.com\/en\/activities\/\" \/>\n<meta property=\"og:locale\" content=\"en_GB\" \/>\n<meta property=\"og:type\" content=\"article\" \/>\n<meta property=\"og:title\" content=\"\u00c0 d\u00e9couvrir | H\u00f4tel \u00e0 Fos-sur-Mer |\u00a0Ariane H\u00f4tel\" \/>\n<meta property=\"og:description\" content=\"Explorez la r\u00e9gion Accueil Activit\u00e9s \u00c0 d\u00e9couvrir \u00e0 Fos-sur-Mer et dans ses environs Une r\u00e9gion entre terre et mer, riche en paysages, patrimoine et escapades, entre Provence et M\u00e9diterran\u00e9e. Explorez les richesses de Fos-sur-Mer, entre plages, ports, sentiers et activit\u00e9s pour toute la famille. \u00c0 quelques kilom\u00e8tres, les paysages sauvages de Camargue, le patrimoine d\u2019Arles [&hellip;]\" \/>\n<meta property=\"og:url\" content=\"https:\/\/arianefoshotel.com\/en\/activities\/\" \/>\n<meta property=\"og:site_name\" content=\"H\u00f4tel \u00e0 Fos-sur-Mer |\u00a0Ariane H\u00f4tel\" \/>\n<meta property=\"article:publisher\" content=\"https:\/\/www.facebook.com\/profile.php?id=61572477488044&amp;locale=fr_FR\" \/>\n<meta property=\"article:modified_time\" content=\"2025-05-28T14:39:07+00:00\" \/>\n<meta property=\"og:image\" content=\"https:\/\/shtheme.com\/demosd\/charlostin\/wp-content\/uploads\/2018\/09\/activities-1.jpg\" \/>\n<meta name=\"twitter:card\" content=\"summary_large_image\" \/>\n<meta name=\"twitter:label1\" content=\"Estimated reading time\" \/>\n\t<meta name=\"twitter:data1\" content=\"5 minutes\" \/>\n<script type=\"application\/ld+json\" class=\"yoast-schema-graph\">{\"@context\":\"https:\/\/schema.org\",\"@graph\":[{\"@type\":\"WebPage\",\"@id\":\"https:\/\/arianefoshotel.com\/activites\/\",\"url\":\"https:\/\/arianefoshotel.com\/activites\/\",\"name\":\"\u00c0 d\u00e9couvrir | H\u00f4tel \u00e0 Fos-sur-Mer |\u00a0Ariane H\u00f4tel\",\"isPartOf\":{\"@id\":\"https:\/\/arianefoshotel.com\/#website\"},\"primaryImageOfPage\":{\"@id\":\"https:\/\/arianefoshotel.com\/activites\/#primaryimage\"},\"image\":{\"@id\":\"https:\/\/arianefoshotel.com\/activites\/#primaryimage\"},\"thumbnailUrl\":\"https:\/\/shtheme.com\/demosd\/charlostin\/wp-content\/uploads\/2018\/09\/activities-1.jpg\",\"datePublished\":\"2018-09-18T08:07:08+00:00\",\"dateModified\":\"2025-05-28T14:39:07+00:00\",\"breadcrumb\":{\"@id\":\"https:\/\/arianefoshotel.com\/activites\/#breadcrumb\"},\"inLanguage\":\"en-GB\",\"potentialAction\":[{\"@type\":\"ReadAction\",\"target\":[\"https:\/\/arianefoshotel.com\/activites\/\"]}]},{\"@type\":\"ImageObject\",\"inLanguage\":\"en-GB\",\"@id\":\"https:\/\/arianefoshotel.com\/activites\/#primaryimage\",\"url\":\"https:\/\/shtheme.com\/demosd\/charlostin\/wp-content\/uploads\/2018\/09\/activities-1.jpg\",\"contentUrl\":\"https:\/\/shtheme.com\/demosd\/charlostin\/wp-content\/uploads\/2018\/09\/activities-1.jpg\"},{\"@type\":\"BreadcrumbList\",\"@id\":\"https:\/\/arianefoshotel.com\/activites\/#breadcrumb\",\"itemListElement\":[{\"@type\":\"ListItem\",\"position\":1,\"name\":\"Accueil\",\"item\":\"https:\/\/arianefoshotel.com\/\"},{\"@type\":\"ListItem\",\"position\":2,\"name\":\"\u00c0 d\u00e9couvrir\"}]},{\"@type\":\"WebSite\",\"@id\":\"https:\/\/arianefoshotel.com\/#website\",\"url\":\"https:\/\/arianefoshotel.com\/\",\"name\":\"Hotel Fos-Sur-Mer Ariane Hotel\",\"description\":\"\",\"publisher\":{\"@id\":\"https:\/\/arianefoshotel.com\/#organization\"},\"potentialAction\":[{\"@type\":\"SearchAction\",\"target\":{\"@type\":\"EntryPoint\",\"urlTemplate\":\"https:\/\/arianefoshotel.com\/?s={search_term_string}\"},\"query-input\":{\"@type\":\"PropertyValueSpecification\",\"valueRequired\":true,\"valueName\":\"search_term_string\"}}],\"inLanguage\":\"en-GB\"},{\"@type\":\"Organization\",\"@id\":\"https:\/\/arianefoshotel.com\/#organization\",\"name\":\"Hotel Fos-Sur-Mer Ariane Hotel\",\"url\":\"https:\/\/arianefoshotel.com\/\",\"logo\":{\"@type\":\"ImageObject\",\"inLanguage\":\"en-GB\",\"@id\":\"https:\/\/arianefoshotel.com\/#\/schema\/logo\/image\/\",\"url\":\"https:\/\/arianefoshotel.com\/wp-content\/uploads\/2025\/05\/cropped-Untitled-design-67.png\",\"contentUrl\":\"https:\/\/arianefoshotel.com\/wp-content\/uploads\/2025\/05\/cropped-Untitled-design-67.png\",\"width\":512,\"height\":512,\"caption\":\"Hotel Fos-Sur-Mer Ariane Hotel\"},\"image\":{\"@id\":\"https:\/\/arianefoshotel.com\/#\/schema\/logo\/image\/\"},\"sameAs\":[\"https:\/\/www.facebook.com\/profile.php?id=61572477488044&locale=fr_FR\",\"https:\/\/www.linkedin.com\/company\/ariane-htel-fos-sur-mer\/\",\"https:\/\/www.instagram.com\/arianehotel_fossurmer\/\"]}]}<\/script>\n<!-- \/ Yoast SEO plugin. -->","yoast_head_json":{"title":"\u00c0 d\u00e9couvrir | H\u00f4tel \u00e0 Fos-sur-Mer |\u00a0Ariane H\u00f4tel","robots":{"index":"index","follow":"follow","max-snippet":"max-snippet:-1","max-image-preview":"max-image-preview:large","max-video-preview":"max-video-preview:-1"},"canonical":"https:\/\/arianefoshotel.com\/en\/activities\/","og_locale":"en_GB","og_type":"article","og_title":"\u00c0 d\u00e9couvrir | H\u00f4tel \u00e0 Fos-sur-Mer |\u00a0Ariane H\u00f4tel","og_description":"Explorez la r\u00e9gion Accueil Activit\u00e9s \u00c0 d\u00e9couvrir \u00e0 Fos-sur-Mer et dans ses environs Une r\u00e9gion entre terre et mer, riche en paysages, patrimoine et escapades, entre Provence et M\u00e9diterran\u00e9e. Explorez les richesses de Fos-sur-Mer, entre plages, ports, sentiers et activit\u00e9s pour toute la famille. \u00c0 quelques kilom\u00e8tres, les paysages sauvages de Camargue, le patrimoine d\u2019Arles [&hellip;]","og_url":"https:\/\/arianefoshotel.com\/en\/activities\/","og_site_name":"H\u00f4tel \u00e0 Fos-sur-Mer |\u00a0Ariane H\u00f4tel","article_publisher":"https:\/\/www.facebook.com\/profile.php?id=61572477488044&locale=fr_FR","article_modified_time":"2025-05-28T14:39:07+00:00","og_image":[{"url":"https:\/\/shtheme.com\/demosd\/charlostin\/wp-content\/uploads\/2018\/09\/activities-1.jpg","type":"","width":"","height":""}],"twitter_card":"summary_large_image","twitter_misc":{"Estimated reading time":"5 minutes"},"schema":{"@context":"https:\/\/schema.org","@graph":[{"@type":"WebPage","@id":"https:\/\/arianefoshotel.com\/activites\/","url":"https:\/\/arianefoshotel.com\/activites\/","name":"\u00c0 d\u00e9couvrir | H\u00f4tel \u00e0 Fos-sur-Mer |\u00a0Ariane H\u00f4tel","isPartOf":{"@id":"https:\/\/arianefoshotel.com\/#website"},"primaryImageOfPage":{"@id":"https:\/\/arianefoshotel.com\/activites\/#primaryimage"},"image":{"@id":"https:\/\/arianefoshotel.com\/activites\/#primaryimage"},"thumbnailUrl":"https:\/\/shtheme.com\/demosd\/charlostin\/wp-content\/uploads\/2018\/09\/activities-1.jpg","datePublished":"2018-09-18T08:07:08+00:00","dateModified":"2025-05-28T14:39:07+00:00","breadcrumb":{"@id":"https:\/\/arianefoshotel.com\/activites\/#breadcrumb"},"inLanguage":"en-GB","potentialAction":[{"@type":"ReadAction","target":["https:\/\/arianefoshotel.com\/activites\/"]}]},{"@type":"ImageObject","inLanguage":"en-GB","@id":"https:\/\/arianefoshotel.com\/activites\/#primaryimage","url":"https:\/\/shtheme.com\/demosd\/charlostin\/wp-content\/uploads\/2018\/09\/activities-1.jpg","contentUrl":"https:\/\/shtheme.com\/demosd\/charlostin\/wp-content\/uploads\/2018\/09\/activities-1.jpg"},{"@type":"BreadcrumbList","@id":"https:\/\/arianefoshotel.com\/activites\/#breadcrumb","itemListElement":[{"@type":"ListItem","position":1,"name":"Accueil","item":"https:\/\/arianefoshotel.com\/"},{"@type":"ListItem","position":2,"name":"\u00c0 d\u00e9couvrir"}]},{"@type":"WebSite","@id":"https:\/\/arianefoshotel.com\/#website","url":"https:\/\/arianefoshotel.com\/","name":"Hotel Fos-Sur-Mer Ariane Hotel","description":"","publisher":{"@id":"https:\/\/arianefoshotel.com\/#organization"},"potentialAction":[{"@type":"SearchAction","target":{"@type":"EntryPoint","urlTemplate":"https:\/\/arianefoshotel.com\/?s={search_term_string}"},"query-input":{"@type":"PropertyValueSpecification","valueRequired":true,"valueName":"search_term_string"}}],"inLanguage":"en-GB"},{"@type":"Organization","@id":"https:\/\/arianefoshotel.com\/#organization","name":"Hotel Fos-Sur-Mer Ariane Hotel","url":"https:\/\/arianefoshotel.com\/","logo":{"@type":"ImageObject","inLanguage":"en-GB","@id":"https:\/\/arianefoshotel.com\/#\/schema\/logo\/image\/","url":"https:\/\/arianefoshotel.com\/wp-content\/uploads\/2025\/05\/cropped-Untitled-design-67.png","contentUrl":"https:\/\/arianefoshotel.com\/wp-content\/uploads\/2025\/05\/cropped-Untitled-design-67.png","width":512,"height":512,"caption":"Hotel Fos-Sur-Mer Ariane Hotel"},"image":{"@id":"https:\/\/arianefoshotel.com\/#\/schema\/logo\/image\/"},"sameAs":["https:\/\/www.facebook.com\/profile.php?id=61572477488044&locale=fr_FR","https:\/\/www.linkedin.com\/company\/ariane-htel-fos-sur-mer\/","https:\/\/www.instagram.com\/arianehotel_fossurmer\/"]}]}},"_links":{"self":[{"href":"https:\/\/arianefoshotel.com\/en\/wp-json\/wp\/v2\/pages\/391","targetHints":{"allow":["GET"]}}],"collection":[{"href":"https:\/\/arianefoshotel.com\/en\/wp-json\/wp\/v2\/pages"}],"about":[{"href":"https:\/\/arianefoshotel.com\/en\/wp-json\/wp\/v2\/types\/page"}],"author":[{"embeddable":true,"href":"https:\/\/arianefoshotel.com\/en\/wp-json\/wp\/v2\/users\/2"}],"replies":[{"embeddable":true,"href":"https:\/\/arianefoshotel.com\/en\/wp-json\/wp\/v2\/comments?post=391"}],"version-history":[{"count":5,"href":"https:\/\/arianefoshotel.com\/en\/wp-json\/wp\/v2\/pages\/391\/revisions"}],"predecessor-version":[{"id":4362,"href":"https:\/\/arianefoshotel.com\/en\/wp-json\/wp\/v2\/pages\/391\/revisions\/4362"}],"wp:attachment":[{"href":"https:\/\/arianefoshotel.com\/en\/wp-json\/wp\/v2\/media?parent=391"}],"curies":[{"name":"wp","href":"https:\/\/api.w.org\/{rel}","templated":true}]}}